{"id":1018,"date":"2023-05-08T14:43:30","date_gmt":"2023-05-08T17:43:30","guid":{"rendered":"https:\/\/cooperativas2030.com\/?page_id=1018"},"modified":"2023-06-28T15:59:29","modified_gmt":"2023-06-28T18:59:29","slug":"sectores","status":"publish","type":"page","link":"https:\/\/cooperativas2030.com\/index.php\/sectores\/","title":{"rendered":"SECTORES"},"content":{"rendered":"<p>[et_pb_section fb_built=\u00bb1&#8243; fullwidth=\u00bbon\u00bb admin_label=\u00bbPage Header\u00bb _builder_version=\u00bb4.9.1&#8243; background_enable_color=\u00bboff\u00bb background_image=\u00bbhttp:\/\/parquesindustriales2030.com\/wp-content\/uploads\/2022\/09\/Captura-de-Pantalla-2022-09-13-a-las-15.12.07.png\u00bb parallax=\u00bbon\u00bb width=\u00bb100%\u00bb width_tablet=\u00bb\u00bb width_phone=\u00bb\u00bb width_last_edited=\u00bbon|phone\u00bb height=\u00bb785px\u00bb height_tablet=\u00bb\u00bb height_phone=\u00bb\u00bb height_last_edited=\u00bbon|desktop\u00bb custom_css_main_element=\u00bbclip-path: polygon(100% 0, 100% 49%, 83% 65%, 0 49%, 0 0);\u00bb global_colors_info=\u00bb{}\u00bb][et_pb_fullwidth_header title=\u00bbPriorizaci\u00f3n sectorial \u00bb text_orientation=\u00bbcenter\u00bb content_max_width=\u00bb76%\u00bb content_max_width_tablet=\u00bb76%\u00bb content_max_width_phone=\u00bb102%\u00bb content_max_width_last_edited=\u00bbon|desktop\u00bb admin_label=\u00bbHero Section\u00bb _builder_version=\u00bb4.9.1&#8243; title_font=\u00bbBarlow|700|||||||\u00bb title_font_size=\u00bb60px\u00bb title_line_height=\u00bb1.4em\u00bb content_font=\u00bbOxygen||||||||\u00bb content_font_size=\u00bb18px\u00bb content_line_height=\u00bb1.6em\u00bb subhead_font=\u00bb||||\u00bb background_color=\u00bbrgba(255, 255, 255, 0)\u00bb use_background_color_gradient=\u00bbon\u00bb background_color_gradient_start=\u00bb#a21942&#8243; background_color_gradient_end=\u00bbrgba(255,255,255,0.41)\u00bb custom_button_one=\u00bbon\u00bb button_one_text_size=\u00bb16px\u00bb button_one_bg_color=\u00bb#6eba01&#8243; button_one_border_width=\u00bb2px\u00bb button_one_border_color=\u00bb#6eba01&#8243; button_one_border_radius=\u00bb0&#8243; button_one_letter_spacing=\u00bb2&#8243; button_one_font=\u00bbMontserrat|||on|\u00bb button_one_use_icon=\u00bboff\u00bb custom_button_two=\u00bbon\u00bb button_two_text_size=\u00bb16px\u00bb button_two_border_width=\u00bb2px\u00bb button_two_border_color=\u00bb#ffffff\u00bb button_two_border_radius=\u00bb0&#8243; button_two_letter_spacing=\u00bb2&#8243; button_two_font=\u00bbMontserrat|||on|\u00bb button_two_use_icon=\u00bboff\u00bb transform_scale_tablet=\u00bb\u00bb transform_scale_phone=\u00bb107%|107%\u00bb transform_scale_last_edited=\u00bbon|phone\u00bb transform_translate_tablet=\u00bb0px|-76px\u00bb transform_translate_phone=\u00bb0px|-55px\u00bb transform_translate_last_edited=\u00bbon|phone\u00bb transform_translate_linked_tablet=\u00bboff\u00bb transform_rotate_tablet=\u00bb\u00bb transform_rotate_phone=\u00bb\u00bb transform_rotate_last_edited=\u00bbon|phone\u00bb transform_skew_tablet=\u00bb\u00bb transform_skew_phone=\u00bb\u00bb transform_skew_last_edited=\u00bbon|phone\u00bb transform_origin_tablet=\u00bb\u00bb transform_origin_phone=\u00bb\u00bb transform_origin_last_edited=\u00bbon|phone\u00bb transform_styles_last_edited=\u00bbon|phone\u00bb module_alignment=\u00bbleft\u00bb custom_margin=\u00bb-55px||||false|false\u00bb custom_margin_tablet=\u00bb0px||||false|false\u00bb custom_margin_phone=\u00bb-19px||||false|false\u00bb custom_margin_last_edited=\u00bbon|phone\u00bb custom_padding=\u00bb126px||206px||false|false\u00bb custom_padding_tablet=\u00bb\u00bb custom_padding_phone=\u00bb||212px||false|false\u00bb custom_padding_last_edited=\u00bbon|desktop\u00bb title_font_size_tablet=\u00bb40px\u00bb title_font_size_phone=\u00bb24px\u00bb title_font_size_last_edited=\u00bbon|phone\u00bb content_font_size_tablet=\u00bb14px\u00bb content_font_size_phone=\u00bb13px\u00bb content_font_size_last_edited=\u00bbon|phone\u00bb content_line_height_tablet=\u00bb1.6em\u00bb content_line_height_phone=\u00bb1.5em\u00bb content_line_height_last_edited=\u00bbon|tablet\u00bb transform_styles_tablet=\u00bb\u00bb transform_styles_phone=\u00bb\u00bb button_one_text_color_hover=\u00bb#6eba01&#8243; button_two_text_color_hover=\u00bb#6eba01&#8243; button_one_border_color_hover=\u00bb#ffffff\u00bb button_two_border_color_hover=\u00bb#ffffff\u00bb button_one_border_radius_hover=\u00bb0&#8243; button_two_border_radius_hover=\u00bb0&#8243; button_one_letter_spacing_hover=\u00bb2&#8243; button_two_letter_spacing_hover=\u00bb2&#8243; button_one_bg_color_hover=\u00bb#ffffff\u00bb button_two_bg_color_hover=\u00bb#ffffff\u00bb global_colors_info=\u00bb{}\u00bb button_one_text_size__hover_enabled=\u00bboff\u00bb button_two_text_size__hover_enabled=\u00bboff\u00bb button_one_text_color__hover_enabled=\u00bbon\u00bb button_one_text_color__hover=\u00bb#6eba01&#8243; button_two_text_color__hover_enabled=\u00bbon\u00bb button_two_text_color__hover=\u00bb#6eba01&#8243; button_one_border_width__hover_enabled=\u00bboff\u00bb button_two_border_width__hover_enabled=\u00bboff\u00bb button_one_border_color__hover_enabled=\u00bbon\u00bb button_one_border_color__hover=\u00bb#ffffff\u00bb button_two_border_color__hover_enabled=\u00bbon\u00bb button_two_border_color__hover=\u00bb#ffffff\u00bb button_one_border_radius__hover_enabled=\u00bbon\u00bb button_one_border_radius__hover=\u00bb0&#8243; button_two_border_radius__hover_enabled=\u00bbon\u00bb button_two_border_radius__hover=\u00bb0&#8243; button_one_letter_spacing__hover_enabled=\u00bbon\u00bb button_one_letter_spacing__hover=\u00bb2&#8243; button_two_letter_spacing__hover_enabled=\u00bbon\u00bb button_two_letter_spacing__hover=\u00bb2&#8243; button_one_bg_color__hover_enabled=\u00bbon\u00bb button_one_bg_color__hover=\u00bb#ffffff\u00bb button_two_bg_color__hover_enabled=\u00bbon\u00bb button_two_bg_color__hover=\u00bb#ffffff\u00bb]<\/p>\n<p><span style=\"font-weight: 400;\"><span>Si bien el universo cooperativo cubre pr\u00e1cticamente todas las actividades humanas, el programa Cooperativas 2030 hace foco inicialmente en aquellos sectores que tienen la posibilidad de generar una contribuci\u00f3n clave a la sostenibilidad durante la presente d\u00e9cada. En tal sentido, los priorizados al comienzo ser\u00e1n<\/span>.<\/span><\/p>\n<p>&nbsp;<\/p>\n<p>[\/et_pb_fullwidth_header][\/et_pb_section][et_pb_section fb_built=\u00bb1&#8243; _builder_version=\u00bb4.9.1&#8243; _module_preset=\u00bbdefault\u00bb background_color=\u00bbRGBA(0,0,0,0)\u00bb min_height=\u00bb3078.6px\u00bb custom_margin=\u00bb-220px||0px||false|false\u00bb custom_margin_tablet=\u00bb-170px||||false|false\u00bb custom_margin_phone=\u00bb\u00bb custom_margin_last_edited=\u00bbon|desktop\u00bb custom_padding=\u00bb||6px|||\u00bb][et_pb_row column_structure=\u00bb1_2,1_2&#8243; _builder_version=\u00bb4.9.1&#8243; _module_preset=\u00bbdefault\u00bb custom_margin=\u00bb|auto|100px|auto||\u00bb custom_margin_tablet=\u00bb|auto|0px|auto|false|false\u00bb custom_margin_phone=\u00bb\u00bb custom_margin_last_edited=\u00bbon|tablet\u00bb][et_pb_column type=\u00bb1_2&#8243; _builder_version=\u00bb4.9.1&#8243; _module_preset=\u00bbdefault\u00bb][et_pb_image src=\u00bbhttp:\/\/cooperativas2030.com\/wp-content\/uploads\/2023\/04\/carton.jpg\u00bb title_text=\u00bbcart\u00f3n\u00bb _builder_version=\u00bb4.9.1&#8243; _module_preset=\u00bbdefault\u00bb][\/et_pb_image][\/et_pb_column][et_pb_column type=\u00bb1_2&#8243; _builder_version=\u00bb4.9.1&#8243; _module_preset=\u00bbdefault\u00bb][et_pb_text _builder_version=\u00bb4.9.1&#8243; _module_preset=\u00bbdefault\u00bb text_font=\u00bbBarlow|600|||||||\u00bb text_text_color=\u00bb#a21942&#8243; text_font_size=\u00bb28px\u00bb text_font_size_tablet=\u00bb\u00bb text_font_size_phone=\u00bb18px\u00bb text_font_size_last_edited=\u00bbon|desktop\u00bb]<\/p>\n<p>Cooperativas de recuperadores urbanos<\/p>\n<p>[\/et_pb_text][et_pb_text _builder_version=\u00bb4.9.1&#8243; _module_preset=\u00bbdefault\u00bb text_font=\u00bbOxygen||||||||\u00bb text_font_size=\u00bb20px\u00bb text_line_height=\u00bb1.5em\u00bb text_font_size_tablet=\u00bb\u00bb text_font_size_phone=\u00bb15px\u00bb text_font_size_last_edited=\u00bbon|desktop\u00bb text_line_height_tablet=\u00bb\u00bb text_line_height_phone=\u00bb\u00bb text_line_height_last_edited=\u00bbon|desktop\u00bb]<\/p>\n<p>Organizaciones claves para resolver el tratamiento de materiales generados por diversas actividades, mitigando sus impactos negativos en el ambiente a trav\u00e9s de la recuperaci\u00f3n y recirculaci\u00f3n de los mismos dentro de sistemas productivos sostenibles.<\/p>\n<p>[\/et_pb_text][et_pb_button button_url=\u00bbhttps:\/\/cooperativas2030.com\/index.php\/recuperadoresurbanos\/\u00bb button_text=\u00bbLeer m\u00e1s\u00bb button_alignment=\u00bbcenter\u00bb _builder_version=\u00bb4.9.1&#8243; _module_preset=\u00bbdefault\u00bb custom_button=\u00bbon\u00bb button_text_color=\u00bb#a21942&#8243;][\/et_pb_button][\/et_pb_column][\/et_pb_row][et_pb_row column_structure=\u00bb1_2,1_2&#8243; _builder_version=\u00bb4.9.1&#8243; _module_preset=\u00bbdefault\u00bb custom_margin=\u00bb|auto|100px|auto||\u00bb custom_margin_tablet=\u00bb|auto|0px|auto|false|false\u00bb custom_margin_phone=\u00bb\u00bb custom_margin_last_edited=\u00bbon|tablet\u00bb][et_pb_column type=\u00bb1_2&#8243; _builder_version=\u00bb4.9.1&#8243; _module_preset=\u00bbdefault\u00bb][et_pb_text _builder_version=\u00bb4.9.1&#8243; _module_preset=\u00bbdefault\u00bb text_font=\u00bbBarlow|600|||||||\u00bb text_text_color=\u00bb#a21942&#8243; text_font_size=\u00bb28px\u00bb text_font_size_tablet=\u00bb\u00bb text_font_size_phone=\u00bb18px\u00bb text_font_size_last_edited=\u00bbon|desktop\u00bb]<\/p>\n<p>Cooperativas de servicios p\u00fablicos<\/p>\n<p>[\/et_pb_text][et_pb_text _builder_version=\u00bb4.9.1&#8243; _module_preset=\u00bbdefault\u00bb text_font=\u00bbOxygen||||||||\u00bb text_font_size=\u00bb20px\u00bb text_line_height=\u00bb1.5em\u00bb text_font_size_tablet=\u00bb\u00bb text_font_size_phone=\u00bb15px\u00bb text_font_size_last_edited=\u00bbon|desktop\u00bb]<\/p>\n<p><span style=\"font-weight: 400;\">Organizaciones claves mediante las cuales asegurar servicios p\u00fablicos de calidad y procesos de transici\u00f3n hacia modelos sostenibles, incluyendo agua, saneamiento y energ\u00edas limpias con generaci\u00f3n distribuida.<\/span><\/p>\n<p>[\/et_pb_text][et_pb_button button_url=\u00bbhttps:\/\/cooperativas2030.com\/index.php\/cooperativas-de-servicios-publicos\/\u00bb button_text=\u00bbLeer m\u00e1s\u00bb button_alignment=\u00bbcenter\u00bb _builder_version=\u00bb4.9.1&#8243; _module_preset=\u00bbdefault\u00bb custom_button=\u00bbon\u00bb button_text_color=\u00bb#a21942&#8243;][\/et_pb_button][\/et_pb_column][et_pb_column type=\u00bb1_2&#8243; _builder_version=\u00bb4.9.1&#8243; _module_preset=\u00bbdefault\u00bb][et_pb_image src=\u00bbhttp:\/\/cooperativas2030.com\/wp-content\/uploads\/2023\/05\/Coop-Servicios-publicos.jpg\u00bb title_text=\u00bbCoop Servicios p\u00fablicos\u00bb _builder_version=\u00bb4.9.1&#8243; _module_preset=\u00bbdefault\u00bb][\/et_pb_image][\/et_pb_column][\/et_pb_row][et_pb_row column_structure=\u00bb1_2,1_2&#8243; _builder_version=\u00bb4.9.1&#8243; _module_preset=\u00bbdefault\u00bb custom_margin=\u00bb|auto|100px|auto||\u00bb custom_margin_tablet=\u00bb|auto|0px|auto|false|false\u00bb custom_margin_phone=\u00bb\u00bb custom_margin_last_edited=\u00bbon|tablet\u00bb][et_pb_column type=\u00bb1_2&#8243; _builder_version=\u00bb4.9.1&#8243; _module_preset=\u00bbdefault\u00bb][et_pb_image src=\u00bbhttp:\/\/cooperativas2030.com\/wp-content\/uploads\/2023\/05\/Coop-Agro.jpg\u00bb title_text=\u00bbCoop Agro\u00bb _builder_version=\u00bb4.9.1&#8243; _module_preset=\u00bbdefault\u00bb][\/et_pb_image][\/et_pb_column][et_pb_column type=\u00bb1_2&#8243; _builder_version=\u00bb4.9.1&#8243; _module_preset=\u00bbdefault\u00bb][et_pb_text _builder_version=\u00bb4.9.1&#8243; _module_preset=\u00bbdefault\u00bb text_font=\u00bbBarlow|600|||||||\u00bb text_text_color=\u00bb#a21942&#8243; text_font_size=\u00bb28px\u00bb hover_enabled=\u00bb0&#8243; text_font_size_tablet=\u00bb\u00bb text_font_size_phone=\u00bb18px\u00bb text_font_size_last_edited=\u00bbon|desktop\u00bb sticky_enabled=\u00bb0&#8243;]<\/p>\n<p>Cooperativas agr\u00edcolas y agroecol\u00f3gicas<\/p>\n<p>[\/et_pb_text][et_pb_text _builder_version=\u00bb4.9.1&#8243; _module_preset=\u00bbdefault\u00bb text_font=\u00bbOxygen||||||||\u00bb text_font_size=\u00bb20px\u00bb text_line_height=\u00bb1.5em\u00bb text_font_size_tablet=\u00bb\u00bb text_font_size_phone=\u00bb14px\u00bb text_font_size_last_edited=\u00bbon|desktop\u00bb]<\/p>\n<p>Organizaciones claves con las cuales mejorar los procesos de producci\u00f3n alimentaria mediante pr\u00e1cticas responsables y sostenibles, cuidando los ambientes naturales, incluyendo la conservaci\u00f3n y regeneraci\u00f3n de los suelos y la biodiversidad, sumado a t\u00e9cnicas y tecnolog\u00edas para lograr m\u00e1s y mejores alimentos.<\/p>\n<p>[\/et_pb_text][et_pb_button button_url=\u00bbhttps:\/\/cooperativas2030.com\/index.php\/cooperativas-agroecologicas-cae\/\u00bb button_text=\u00bbLeer m\u00e1s\u00bb button_alignment=\u00bbcenter\u00bb _builder_version=\u00bb4.9.1&#8243; _module_preset=\u00bbdefault\u00bb custom_button=\u00bbon\u00bb button_text_color=\u00bb#a21942&#8243;][\/et_pb_button][\/et_pb_column][\/et_pb_row][et_pb_row column_structure=\u00bb1_2,1_2&#8243; _builder_version=\u00bb4.9.1&#8243; _module_preset=\u00bbdefault\u00bb custom_margin=\u00bb|auto|100px|auto||\u00bb custom_margin_tablet=\u00bb|auto|0px|auto|false|false\u00bb custom_margin_phone=\u00bb\u00bb custom_margin_last_edited=\u00bbon|tablet\u00bb][et_pb_column type=\u00bb1_2&#8243; _builder_version=\u00bb4.9.1&#8243; _module_preset=\u00bbdefault\u00bb][et_pb_text _builder_version=\u00bb4.9.1&#8243; _module_preset=\u00bbdefault\u00bb text_font=\u00bbBarlow|600|||||||\u00bb text_text_color=\u00bb#a21942&#8243; text_font_size=\u00bb28px\u00bb hover_enabled=\u00bb0&#8243; text_font_size_tablet=\u00bb\u00bb text_font_size_phone=\u00bb18px\u00bb text_font_size_last_edited=\u00bbon|desktop\u00bb text_line_height_last_edited=\u00bbon|desktop\u00bb text_line_height=\u00bb1.3em\u00bb sticky_enabled=\u00bb0&#8243;]<\/p>\n<p>Cooperativas industriales, tecnol\u00f3gicas y del conocimiento<\/p>\n<p>[\/et_pb_text][et_pb_text _builder_version=\u00bb4.9.1&#8243; _module_preset=\u00bbdefault\u00bb text_font=\u00bbOxygen||||||||\u00bb text_font_size=\u00bb20px\u00bb text_line_height=\u00bb1.5em\u00bb text_font_size_tablet=\u00bb\u00bb text_font_size_phone=\u00bb15px\u00bb text_font_size_last_edited=\u00bbon|desktop\u00bb]<\/p>\n<p>Organizaciones claves para incorporar la sostenibilidad a la tecnificaci\u00f3n de los procesos y herramientas productivas con las cuales lograr mejores est\u00e1ndares y modelos con mayor valor agregado y con menor huella material.<\/p>\n<p>[\/et_pb_text][et_pb_button button_url=\u00bbhttps:\/\/cooperativas2030.com\/index.php\/cooperativas-industriales-y-tecnologicas\/\u00bb button_text=\u00bbLeer m\u00e1s\u00bb button_alignment=\u00bbcenter\u00bb _builder_version=\u00bb4.9.1&#8243; _module_preset=\u00bbdefault\u00bb custom_button=\u00bbon\u00bb button_text_color=\u00bb#a21942&#8243;][\/et_pb_button][\/et_pb_column][et_pb_column type=\u00bb1_2&#8243; _builder_version=\u00bb4.9.1&#8243; _module_preset=\u00bbdefault\u00bb][et_pb_image src=\u00bbhttp:\/\/cooperativas2030.com\/wp-content\/uploads\/2023\/05\/Coop-tecnologia.jpg\u00bb title_text=\u00bbCoop tecnolog\u00eda\u00bb _builder_version=\u00bb4.9.1&#8243; _module_preset=\u00bbdefault\u00bb][\/et_pb_image][\/et_pb_column][\/et_pb_row][et_pb_row column_structure=\u00bb1_2,1_2&#8243; _builder_version=\u00bb4.9.1&#8243; _module_preset=\u00bbdefault\u00bb custom_margin=\u00bb|auto|100px|auto||\u00bb custom_margin_tablet=\u00bb|auto|0px|auto|false|false\u00bb custom_margin_phone=\u00bb\u00bb custom_margin_last_edited=\u00bbon|tablet\u00bb][et_pb_column type=\u00bb1_2&#8243; _builder_version=\u00bb4.9.1&#8243; _module_preset=\u00bbdefault\u00bb][et_pb_image src=\u00bbhttp:\/\/cooperativas2030.com\/wp-content\/uploads\/2023\/05\/Coop-conocimiento.jpg\u00bb title_text=\u00bbCoop conocimiento\u00bb _builder_version=\u00bb4.9.1&#8243; _module_preset=\u00bbdefault\u00bb][\/et_pb_image][\/et_pb_column][et_pb_column type=\u00bb1_2&#8243; _builder_version=\u00bb4.9.1&#8243; _module_preset=\u00bbdefault\u00bb][et_pb_text _builder_version=\u00bb4.9.1&#8243; _module_preset=\u00bbdefault\u00bb text_font=\u00bbBarlow|600|||||||\u00bb text_text_color=\u00bb#a21942&#8243; text_font_size=\u00bb26px\u00bb text_line_height=\u00bb1.3em\u00bb hover_enabled=\u00bb0&#8243; text_font_size_tablet=\u00bb\u00bb text_font_size_phone=\u00bb18px\u00bb text_font_size_last_edited=\u00bbon|desktop\u00bb text_line_height_last_edited=\u00bbon|desktop\u00bb sticky_enabled=\u00bb0&#8243;]Cooperativas escolares, educativas y culturales[\/et_pb_text][et_pb_text _builder_version=\u00bb4.9.1&#8243; _module_preset=\u00bbdefault\u00bb text_font=\u00bbOxygen||||||||\u00bb text_font_size=\u00bb20px\u00bb text_line_height=\u00bb1.5em\u00bb text_font_size_tablet=\u00bb\u00bb text_font_size_phone=\u00bb15px\u00bb text_font_size_last_edited=\u00bbon|desktop\u00bb]<\/p>\n<p><span style=\"font-weight: 400;\">Organizaciones claves para lograr mayores niveles de conciencia y responsabilidad socio ambiental mediante la cual la humanidad pueda cuidar de la vida en el planeta y promover sociedades multiculturales y colaborativas.<\/span><\/p>\n<p>[\/et_pb_text][\/et_pb_column][\/et_pb_row][et_pb_row column_structure=\u00bb1_2,1_2&#8243; _builder_version=\u00bb4.9.1&#8243; _module_preset=\u00bbdefault\u00bb custom_margin=\u00bb|auto|-2px|auto||\u00bb][et_pb_column type=\u00bb1_2&#8243; _builder_version=\u00bb4.9.1&#8243; _module_preset=\u00bbdefault\u00bb][et_pb_text _builder_version=\u00bb4.9.1&#8243; _module_preset=\u00bbdefault\u00bb text_font=\u00bbBarlow|600|||||||\u00bb text_text_color=\u00bb#a21942&#8243; text_font_size=\u00bb28px\u00bb hover_enabled=\u00bb0&#8243; text_font_size_tablet=\u00bb\u00bb text_font_size_phone=\u00bb18px\u00bb text_font_size_last_edited=\u00bbon|desktop\u00bb sticky_enabled=\u00bb0&#8243;]<\/p>\n<p>Cooperativas financieras y de seguros<\/p>\n<p>[\/et_pb_text][et_pb_text _builder_version=\u00bb4.9.1&#8243; _module_preset=\u00bbdefault\u00bb text_font=\u00bbOxygen||||||||\u00bb text_font_size=\u00bb20px\u00bb text_line_height=\u00bb1.5em\u00bb text_font_size_tablet=\u00bb\u00bb text_font_size_phone=\u00bb15px\u00bb text_font_size_last_edited=\u00bbon|desktop\u00bb]<\/p>\n<p>Organizaciones claves para integrar la sostenibilidad a los sectores bancarios, de seguros y afines, logrando mayores niveles de transparencia y desempe\u00f1o en torno a la direccionalidad del financiamiento hacia modelos de desarrollo de triple impacto que atiendan las grandes crisis socioambientales actuales y futuras.<\/p>\n<p>[\/et_pb_text][\/et_pb_column][et_pb_column type=\u00bb1_2&#8243; _builder_version=\u00bb4.9.1&#8243; _module_preset=\u00bbdefault\u00bb][et_pb_image src=\u00bbhttp:\/\/cooperativas2030.com\/wp-content\/uploads\/2023\/05\/Coop-finaciera.jpg\u00bb title_text=\u00bbCoop finaciera\u00bb _builder_version=\u00bb4.9.1&#8243; _module_preset=\u00bbdefault\u00bb][\/et_pb_image][\/et_pb_column][\/et_pb_row][et_pb_row column_structure=\u00bb1_2,1_2&#8243; _builder_version=\u00bb4.9.1&#8243; _module_preset=\u00bbdefault\u00bb custom_margin=\u00bb|auto|100px|auto||\u00bb custom_margin_tablet=\u00bb|auto|0px|auto|false|false\u00bb custom_margin_phone=\u00bb\u00bb custom_margin_last_edited=\u00bbon|tablet\u00bb][et_pb_column type=\u00bb1_2&#8243; _builder_version=\u00bb4.9.1&#8243; _module_preset=\u00bbdefault\u00bb][et_pb_image src=\u00bbhttp:\/\/cooperativas2030.com\/wp-content\/uploads\/2023\/06\/Trabajo.jpg\u00bb title_text=\u00bbTrabajo\u00bb _builder_version=\u00bb4.9.1&#8243; _module_preset=\u00bbdefault\u00bb][\/et_pb_image][\/et_pb_column][et_pb_column type=\u00bb1_2&#8243; _builder_version=\u00bb4.9.1&#8243; _module_preset=\u00bbdefault\u00bb][et_pb_text _builder_version=\u00bb4.9.1&#8243; _module_preset=\u00bbdefault\u00bb text_font=\u00bbBarlow|600|||||||\u00bb text_text_color=\u00bb#a21942&#8243; text_font_size=\u00bb26px\u00bb text_line_height=\u00bb1.1em\u00bb hover_enabled=\u00bb0&#8243; text_font_size_tablet=\u00bb\u00bb text_font_size_phone=\u00bb18px\u00bb text_font_size_last_edited=\u00bbon|desktop\u00bb sticky_enabled=\u00bb0&#8243;]<\/p>\n<p>Cooperativas de trabajo y de servicios<\/p>\n<p>[\/et_pb_text][et_pb_text _builder_version=\u00bb4.9.1&#8243; _module_preset=\u00bbdefault\u00bb text_font=\u00bbOxygen||||||||\u00bb text_font_size=\u00bb20px\u00bb text_line_height=\u00bb1.5em\u00bb text_font_size_tablet=\u00bb\u00bb text_font_size_phone=\u00bb15px\u00bb text_font_size_last_edited=\u00bbon|desktop\u00bb]<span style=\"font-weight: 400;\">Organizaciones claves para lograr modelos productivos y de servicios profesionales cooperativos sostenibles desde una gran diversidad de actividades y disciplinas permitiendo lograr mayores niveles<br \/>\nde competitividad y resiliencia con mejores est\u00e1ndares de triple impacto.<\/span>[\/et_pb_text][\/et_pb_column][\/et_pb_row][et_pb_row column_structure=\u00bb1_2,1_2&#8243; _builder_version=\u00bb4.9.1&#8243; _module_preset=\u00bbdefault\u00bb custom_margin=\u00bb|auto|-2px|auto||\u00bb][et_pb_column type=\u00bb1_2&#8243; _builder_version=\u00bb4.9.1&#8243; _module_preset=\u00bbdefault\u00bb][et_pb_text _builder_version=\u00bb4.9.1&#8243; _module_preset=\u00bbdefault\u00bb text_font=\u00bbBarlow|600|||||||\u00bb text_text_color=\u00bb#a21942&#8243; text_font_size=\u00bb28px\u00bb text_font_size_tablet=\u00bb\u00bb text_font_size_phone=\u00bb18px\u00bb text_font_size_last_edited=\u00bbon|desktop\u00bb]Cooperativas de consumo[\/et_pb_text][et_pb_text _builder_version=\u00bb4.9.1&#8243; _module_preset=\u00bbdefault\u00bb text_font=\u00bbOxygen||||||||\u00bb text_font_size=\u00bb20px\u00bb text_line_height=\u00bb1.5em\u00bb text_font_size_tablet=\u00bb\u00bb text_font_size_phone=\u00bb15px\u00bb text_font_size_last_edited=\u00bbon|desktop\u00bb]Organizaciones claves para lograr modelos de consumo cooperativos sostenibles para traccionar el nivel de compra hacia productos y bienes que impulsen el triple impacto y la econom\u00eda circular.[\/et_pb_text][\/et_pb_column][et_pb_column type=\u00bb1_2&#8243; _builder_version=\u00bb4.9.1&#8243; _module_preset=\u00bbdefault\u00bb][et_pb_image src=\u00bbhttp:\/\/cooperativas2030.com\/wp-content\/uploads\/2023\/06\/Consumo.jpg\u00bb title_text=\u00bbConsumo\u00bb _builder_version=\u00bb4.9.1&#8243; _module_preset=\u00bbdefault\u00bb][\/et_pb_image][\/et_pb_column][\/et_pb_row][\/et_pb_section]<\/p>\n","protected":false},"excerpt":{"rendered":"<p>[et_pb_section fb_built=\u00bb1&#8243; fullwidth=\u00bbon\u00bb admin_label=\u00bbPage Header\u00bb _builder_version=\u00bb4.9.1&#8243; background_enable_color=\u00bboff\u00bb background_image=\u00bbhttp:\/\/parquesindustriales2030.com\/wp-content\/uploads\/2022\/09\/Captura-de-Pantalla-2022-09-13-a-las-15.12.07.png\u00bb parallax=\u00bbon\u00bb width=\u00bb100%\u00bb width_tablet=\u00bb\u00bb width_phone=\u00bb\u00bb width_last_edited=\u00bbon|phone\u00bb height=\u00bb785px\u00bb height_tablet=\u00bb\u00bb height_phone=\u00bb\u00bb height_last_edited=\u00bbon|desktop\u00bb custom_css_main_element=\u00bbclip-path: polygon(100% 0, 100% 49%, 83% 65%, 0 49%, 0 0);\u00bb global_colors_info=\u00bb{}\u00bb][et_pb_fullwidth_header title=\u00bbPriorizaci\u00f3n sectorial \u00bb text_orientation=\u00bbcenter\u00bb content_max_width=\u00bb76%\u00bb content_max_width_tablet=\u00bb76%\u00bb content_max_width_phone=\u00bb102%\u00bb content_max_width_last_edited=\u00bbon|desktop\u00bb admin_label=\u00bbHero Section\u00bb _builder_version=\u00bb4.9.1&#8243; title_font=\u00bbBarlow|700|||||||\u00bb title_font_size=\u00bb60px\u00bb title_line_height=\u00bb1.4em\u00bb content_font=\u00bbOxygen||||||||\u00bb content_font_size=\u00bb18px\u00bb content_line_height=\u00bb1.6em\u00bb subhead_font=\u00bb||||\u00bb background_color=\u00bbrgba(255, 255, 255, 0)\u00bb use_background_color_gradient=\u00bbon\u00bb background_color_gradient_start=\u00bb#a21942&#8243; background_color_gradient_end=\u00bbrgba(255,255,255,0.41)\u00bb custom_button_one=\u00bbon\u00bb [&hellip;]<\/p>\n","protected":false},"author":2,"featured_media":0,"parent":0,"menu_order":0,"comment_status":"closed","ping_status":"closed","template":"","meta":{"_et_pb_use_builder":"on","_et_pb_old_content":"","_et_gb_content_width":""},"_links":{"self":[{"href":"https:\/\/cooperativas2030.com\/index.php\/wp-json\/wp\/v2\/pages\/1018"}],"collection":[{"href":"https:\/\/cooperativas2030.com\/index.php\/wp-json\/wp\/v2\/pages"}],"about":[{"href":"https:\/\/cooperativas2030.com\/index.php\/wp-json\/wp\/v2\/types\/page"}],"author":[{"embeddable":true,"href":"https:\/\/cooperativas2030.com\/index.php\/wp-json\/wp\/v2\/users\/2"}],"replies":[{"embeddable":true,"href":"https:\/\/cooperativas2030.com\/index.php\/wp-json\/wp\/v2\/comments?post=1018"}],"version-history":[{"count":27,"href":"https:\/\/cooperativas2030.com\/index.php\/wp-json\/wp\/v2\/pages\/1018\/revisions"}],"predecessor-version":[{"id":1413,"href":"https:\/\/cooperativas2030.com\/index.php\/wp-json\/wp\/v2\/pages\/1018\/revisions\/1413"}],"wp:attachment":[{"href":"https:\/\/cooperativas2030.com\/index.php\/wp-json\/wp\/v2\/media?parent=1018"}],"curies":[{"name":"wp","href":"https:\/\/api.w.org\/{rel}","templated":true}]}}